{"id":1431,"date":"2018-10-15T19:25:23","date_gmt":"2018-10-15T19:25:23","guid":{"rendered":"https:\/\/twinsfit.hu\/en\/?post_type=product&#038;p=1431"},"modified":"2022-05-16T12:23:18","modified_gmt":"2022-05-16T12:23:18","slug":"turkiz-arany-triko","status":"publish","type":"product","link":"https:\/\/twinsfit.hu\/en\/product\/turkiz-arany-triko\/","title":{"rendered":"t\u00fcrkiz-arany trik\u00f3"},"content":{"rendered":"<p><span style=\"color: #000000; font-size: 14pt;\"><strong>Anyag\u00f6sszet\u00e9tel:\u00a0<\/strong><\/span><\/p>\n<p><span style=\"color: #000000; font-size: 14pt;\">82% Poli\u00e9szter<\/span><br \/>\n<span style=\"color: #000000; font-size: 14pt;\"> 18% Elaszt\u00e1n<\/span><\/p>\n<p><span style=\"color: #000000; font-size: 14pt;\"><strong>Magyar term\u00e9k\u00a0<\/strong><\/span><strong style=\"color: #000000; font-size: 18.6667px;\"><img decoding=\"async\" loading=\"lazy\" class=\"wp-image-287 alignnone\" src=\"https:\/\/twinsfit.hu\/en\/wp-content\/uploads\/2017\/11\/zaszlo_magyar-150x150.png\" alt=\"\" width=\"21\" height=\"21\" srcset=\"https:\/\/twinsfit.hu\/en\/wp-content\/uploads\/2017\/11\/zaszlo_magyar-150x150.png 150w, https:\/\/twinsfit.hu\/en\/wp-content\/uploads\/2017\/11\/zaszlo_magyar-262x251.png 262w, https:\/\/twinsfit.hu\/en\/wp-content\/uploads\/2017\/11\/zaszlo_magyar-160x160.png 160w\" sizes=\"(max-width: 21px) 100vw, 21px\" \/><\/strong><\/p>\n<table class=\" alignleft\" style=\"background-color: #243bbd; width: 165px;\">\n<tbody>\n<tr>\n<td style=\"width: 157px; text-align: center;\"><img decoding=\"async\" loading=\"lazy\" class=\"wp-image-284 alignnone\" src=\"https:\/\/twinsfit.hu\/en\/wp-content\/uploads\/2017\/11\/3-1.png\" alt=\"\" width=\"25\" height=\"25\" \/><img decoding=\"async\" loading=\"lazy\" class=\"alignnone wp-image-286\" src=\"https:\/\/twinsfit.hu\/en\/wp-content\/uploads\/2017\/11\/5.png\" alt=\"\" width=\"25\" height=\"25\" \/> <img decoding=\"async\" loading=\"lazy\" class=\"alignnone wp-image-285\" src=\"https:\/\/twinsfit.hu\/en\/wp-content\/uploads\/2017\/11\/3.png\" alt=\"\" width=\"25\" height=\"25\" \/> \u00a0<img decoding=\"async\" loading=\"lazy\" class=\"alignnone wp-image-283\" src=\"https:\/\/twinsfit.hu\/en\/wp-content\/uploads\/2017\/11\/2.png\" alt=\"\" width=\"25\" height=\"25\" \/> <img decoding=\"async\" loading=\"lazy\" class=\"wp-image-282 alignnone\" src=\"https:\/\/twinsfit.hu\/en\/wp-content\/uploads\/2017\/11\/1.png\" alt=\"\" width=\"25\" height=\"25\" \/><\/td>\n<\/tr>\n<\/tbody>\n<\/table>\n<p>&nbsp;<\/p>\n<p><span style=\"color: #000000; font-family: arial, helvetica, sans-serif;\">\u00a0<\/span><\/p>\n<p><span style=\"color: #000000; font-family: arial, helvetica, sans-serif;\">Amennyiben egyedi darabot szeretn\u00e9l rendelni, k\u00e9rlek jelezd nek\u00fcnk az <span style=\"text-decoration: underline;\"><a href=\"mailto:info@twinsfit.hu\/en\">info@twinsfit.hu\/en<\/a> <\/span>e-mail c\u00edmen.<\/span><\/p>\n","protected":false},"excerpt":{"rendered":"<p><span style=\"font-size: 18pt; font-family: 'times new roman', times, serif; color: #00ffff;\">Saj\u00e1t sz\u00ednkombin\u00e1ci\u00f3t szeretn\u00e9l?\u00a0<\/span><\/p>\n<p style=\"padding-left: 30px;\"><span style=\"font-size: 18pt; font-family: 'times new roman', times, serif; color: #00ffff;\">\u00cdrd be kommentbe, vagy az info@twinsfit.hu\/en email c\u00edmre.<\/span><\/p>\n<p><span style=\"color: #000000;\"><em><strong>Term\u00e9keink k\u00fcl\u00f6n &#8211; k\u00fcl\u00f6n is megv\u00e1s\u00e1rolhat\u00f3ak<\/strong><\/em><\/span><\/p>\n","protected":false},"featured_media":1133,"comment_status":"open","ping_status":"closed","template":"","meta":[],"yoast_head":"<!-- This site is optimized with the Yoast SEO plugin v19.14 - https:\/\/yoast.com\/wordpress\/plugins\/seo\/ -->\n<title>t\u00fcrkiz-arany trik\u00f3 - twinsfit.hu<\/title>\n<meta name=\"description\" content=\"Sportbugyi fazon\u00fa k\u00e9k-fekete short, a szabad mozg\u00e1s\u00e9rt! K\u00e9nyelmes, nem korl\u00e1toz semmilyen mozg\u00e1sban. Ebben a shortban, b\u00e1rmikor k\u00e9szen \u00e1llsz egy sp\u00e1rg\u00e1ra ;)\" \/>\n<meta name=\"robots\" content=\"index, follow, max-snippet:-1, max-image-preview:large, max-video-preview:-1\" \/>\n<link rel=\"canonical\" href=\"https:\/\/twinsfit.hu\/en\/product\/turkiz-arany-triko\/\" \/>\n<meta property=\"og:locale\" content=\"en_US\" \/>\n<meta property=\"og:type\" content=\"article\" \/>\n<meta property=\"og:title\" content=\"t\u00fcrkiz-arany trik\u00f3 - twinsfit.hu\" \/>\n<meta property=\"og:description\" content=\"Sportbugyi fazon\u00fa k\u00e9k-fekete short, a szabad mozg\u00e1s\u00e9rt! K\u00e9nyelmes, nem korl\u00e1toz semmilyen mozg\u00e1sban. Ebben a shortban, b\u00e1rmikor k\u00e9szen \u00e1llsz egy sp\u00e1rg\u00e1ra ;)\" \/>\n<meta property=\"og:url\" content=\"https:\/\/twinsfit.hu\/en\/product\/turkiz-arany-triko\/\" \/>\n<meta property=\"og:site_name\" content=\"twinsfit.hu\" \/>\n<meta property=\"article:modified_time\" content=\"2022-05-16T12:23:18+00:00\" \/>\n<meta property=\"og:image\" content=\"https:\/\/twinsfit.hu\/en\/wp-content\/uploads\/2018\/09\/HG5A7275-scaled.jpg\" \/>\n\t<meta property=\"og:image:width\" content=\"1707\" \/>\n\t<meta property=\"og:image:height\" content=\"2560\" \/>\n\t<meta property=\"og:image:type\" content=\"image\/jpeg\" \/>\n<meta name=\"twitter:card\" content=\"summary_large_image\" \/>\n<script type=\"application\/ld+json\" class=\"yoast-schema-graph\">{\"@context\":\"https:\/\/schema.org\",\"@graph\":[{\"@type\":\"WebPage\",\"@id\":\"https:\/\/twinsfit.hu\/en\/product\/turkiz-arany-triko\/\",\"url\":\"https:\/\/twinsfit.hu\/en\/product\/turkiz-arany-triko\/\",\"name\":\"t\u00fcrkiz-arany trik\u00f3 - twinsfit.hu\",\"isPartOf\":{\"@id\":\"https:\/\/twinsfit.hu\/en\/#website\"},\"datePublished\":\"2018-10-15T19:25:23+00:00\",\"dateModified\":\"2022-05-16T12:23:18+00:00\",\"description\":\"Sportbugyi fazon\u00fa k\u00e9k-fekete short, a szabad mozg\u00e1s\u00e9rt! K\u00e9nyelmes, nem korl\u00e1toz semmilyen mozg\u00e1sban. Ebben a shortban, b\u00e1rmikor k\u00e9szen \u00e1llsz egy sp\u00e1rg\u00e1ra ;)\",\"breadcrumb\":{\"@id\":\"https:\/\/twinsfit.hu\/en\/product\/turkiz-arany-triko\/#breadcrumb\"},\"inLanguage\":\"en-US\",\"potentialAction\":[{\"@type\":\"ReadAction\",\"target\":[\"https:\/\/twinsfit.hu\/en\/product\/turkiz-arany-triko\/\"]}]},{\"@type\":\"BreadcrumbList\",\"@id\":\"https:\/\/twinsfit.hu\/en\/product\/turkiz-arany-triko\/#breadcrumb\",\"itemListElement\":[{\"@type\":\"ListItem\",\"position\":1,\"name\":\"Home\",\"item\":\"https:\/\/twinsfit.hu\/en\/\"},{\"@type\":\"ListItem\",\"position\":2,\"name\":\"Products\",\"item\":\"https:\/\/twinsfit.hu\/en\/products\/\"},{\"@type\":\"ListItem\",\"position\":3,\"name\":\"t\u00fcrkiz-arany trik\u00f3\"}]},{\"@type\":\"WebSite\",\"@id\":\"https:\/\/twinsfit.hu\/en\/#website\",\"url\":\"https:\/\/twinsfit.hu\/en\/\",\"name\":\"twinsfit.hu\",\"description\":\"Sportswear\",\"potentialAction\":[{\"@type\":\"SearchAction\",\"target\":{\"@type\":\"EntryPoint\",\"urlTemplate\":\"https:\/\/twinsfit.hu\/en\/?s={search_term_string}\"},\"query-input\":\"required name=search_term_string\"}],\"inLanguage\":\"en-US\"}]}<\/script>\n<!-- \/ Yoast SEO plugin. -->","yoast_head_json":{"title":"t\u00fcrkiz-arany trik\u00f3 - twinsfit.hu","description":"Sportbugyi fazon\u00fa k\u00e9k-fekete short, a szabad mozg\u00e1s\u00e9rt! K\u00e9nyelmes, nem korl\u00e1toz semmilyen mozg\u00e1sban. Ebben a shortban, b\u00e1rmikor k\u00e9szen \u00e1llsz egy sp\u00e1rg\u00e1ra ;)","robots":{"index":"index","follow":"follow","max-snippet":"max-snippet:-1","max-image-preview":"max-image-preview:large","max-video-preview":"max-video-preview:-1"},"canonical":"https:\/\/twinsfit.hu\/en\/product\/turkiz-arany-triko\/","og_locale":"en_US","og_type":"article","og_title":"t\u00fcrkiz-arany trik\u00f3 - twinsfit.hu","og_description":"Sportbugyi fazon\u00fa k\u00e9k-fekete short, a szabad mozg\u00e1s\u00e9rt! K\u00e9nyelmes, nem korl\u00e1toz semmilyen mozg\u00e1sban. Ebben a shortban, b\u00e1rmikor k\u00e9szen \u00e1llsz egy sp\u00e1rg\u00e1ra ;)","og_url":"https:\/\/twinsfit.hu\/en\/product\/turkiz-arany-triko\/","og_site_name":"twinsfit.hu","article_modified_time":"2022-05-16T12:23:18+00:00","og_image":[{"width":1707,"height":2560,"url":"https:\/\/twinsfit.hu\/en\/wp-content\/uploads\/2018\/09\/HG5A7275-scaled.jpg","type":"image\/jpeg"}],"twitter_card":"summary_large_image","schema":{"@context":"https:\/\/schema.org","@graph":[{"@type":"WebPage","@id":"https:\/\/twinsfit.hu\/en\/product\/turkiz-arany-triko\/","url":"https:\/\/twinsfit.hu\/en\/product\/turkiz-arany-triko\/","name":"t\u00fcrkiz-arany trik\u00f3 - twinsfit.hu","isPartOf":{"@id":"https:\/\/twinsfit.hu\/en\/#website"},"datePublished":"2018-10-15T19:25:23+00:00","dateModified":"2022-05-16T12:23:18+00:00","description":"Sportbugyi fazon\u00fa k\u00e9k-fekete short, a szabad mozg\u00e1s\u00e9rt! K\u00e9nyelmes, nem korl\u00e1toz semmilyen mozg\u00e1sban. Ebben a shortban, b\u00e1rmikor k\u00e9szen \u00e1llsz egy sp\u00e1rg\u00e1ra ;)","breadcrumb":{"@id":"https:\/\/twinsfit.hu\/en\/product\/turkiz-arany-triko\/#breadcrumb"},"inLanguage":"en-US","potentialAction":[{"@type":"ReadAction","target":["https:\/\/twinsfit.hu\/en\/product\/turkiz-arany-triko\/"]}]},{"@type":"BreadcrumbList","@id":"https:\/\/twinsfit.hu\/en\/product\/turkiz-arany-triko\/#breadcrumb","itemListElement":[{"@type":"ListItem","position":1,"name":"Home","item":"https:\/\/twinsfit.hu\/en\/"},{"@type":"ListItem","position":2,"name":"Products","item":"https:\/\/twinsfit.hu\/en\/products\/"},{"@type":"ListItem","position":3,"name":"t\u00fcrkiz-arany trik\u00f3"}]},{"@type":"WebSite","@id":"https:\/\/twinsfit.hu\/en\/#website","url":"https:\/\/twinsfit.hu\/en\/","name":"twinsfit.hu","description":"Sportswear","potentialAction":[{"@type":"SearchAction","target":{"@type":"EntryPoint","urlTemplate":"https:\/\/twinsfit.hu\/en\/?s={search_term_string}"},"query-input":"required name=search_term_string"}],"inLanguage":"en-US"}]}},"_links":{"self":[{"href":"https:\/\/twinsfit.hu\/en\/wp-json\/wp\/v2\/product\/1431"}],"collection":[{"href":"https:\/\/twinsfit.hu\/en\/wp-json\/wp\/v2\/product"}],"about":[{"href":"https:\/\/twinsfit.hu\/en\/wp-json\/wp\/v2\/types\/product"}],"replies":[{"embeddable":true,"href":"https:\/\/twinsfit.hu\/en\/wp-json\/wp\/v2\/comments?post=1431"}],"wp:featuredmedia":[{"embeddable":true,"href":"https:\/\/twinsfit.hu\/en\/wp-json\/wp\/v2\/media\/1133"}],"wp:attachment":[{"href":"https:\/\/twinsfit.hu\/en\/wp-json\/wp\/v2\/media?parent=1431"}],"curies":[{"name":"wp","href":"https:\/\/api.w.org\/{rel}","templated":true}]}}