{"id":414,"date":"2018-02-19T18:11:18","date_gmt":"2018-02-19T18:11:18","guid":{"rendered":"http:\/\/twinsfit.hu\/en\/?post_type=product&#038;p=414"},"modified":"2025-01-15T04:22:38","modified_gmt":"2025-01-15T04:22:38","slug":"zold-sporttriko","status":"publish","type":"product","link":"https:\/\/twinsfit.hu\/en\/product\/zold-sporttriko\/","title":{"rendered":"Z\u00f6ld sporttrik\u00f3"},"content":{"rendered":"<p><span style=\"color: #000000; font-size: 14pt;\"><strong>Anyag\u00f6sszet\u00e9tel:\u00a0<\/strong><\/span><\/p>\n<p><span style=\"color: #000000; font-size: 14pt;\">82% Poli\u00e9szter<\/span><br \/>\n<span style=\"color: #000000; font-size: 14pt;\"> 18% Elaszt\u00e1n<\/span><\/p>\n<p><span style=\"color: #000000; font-size: 14pt;\"><strong>Magyar term\u00e9k\u00a0<\/strong><\/span><strong style=\"color: #000000; font-size: 18.6667px;\"><img decoding=\"async\" loading=\"lazy\" class=\"wp-image-287 alignnone\" src=\"https:\/\/twinsfit.hu\/en\/wp-content\/uploads\/2017\/11\/zaszlo_magyar-150x150.png\" alt=\"\" width=\"21\" height=\"21\" srcset=\"https:\/\/twinsfit.hu\/en\/wp-content\/uploads\/2017\/11\/zaszlo_magyar-150x150.png 150w, https:\/\/twinsfit.hu\/en\/wp-content\/uploads\/2017\/11\/zaszlo_magyar-262x251.png 262w, https:\/\/twinsfit.hu\/en\/wp-content\/uploads\/2017\/11\/zaszlo_magyar-160x160.png 160w\" sizes=\"(max-width: 21px) 100vw, 21px\" \/><\/strong><\/p>\n<table class=\" alignleft\" style=\"background-color: #243bbd; width: 165px;\">\n<tbody>\n<tr>\n<td style=\"width: 157px; text-align: center;\"><img decoding=\"async\" loading=\"lazy\" class=\"wp-image-284 alignnone\" src=\"https:\/\/twinsfit.hu\/en\/wp-content\/uploads\/2017\/11\/3-1.png\" alt=\"\" width=\"25\" height=\"25\" \/><img decoding=\"async\" loading=\"lazy\" class=\"alignnone wp-image-286\" src=\"https:\/\/twinsfit.hu\/en\/wp-content\/uploads\/2017\/11\/5.png\" alt=\"\" width=\"25\" height=\"25\" \/> <img decoding=\"async\" loading=\"lazy\" class=\"alignnone wp-image-285\" src=\"https:\/\/twinsfit.hu\/en\/wp-content\/uploads\/2017\/11\/3.png\" alt=\"\" width=\"25\" height=\"25\" \/> \u00a0<img decoding=\"async\" loading=\"lazy\" class=\"alignnone wp-image-283\" src=\"https:\/\/twinsfit.hu\/en\/wp-content\/uploads\/2017\/11\/2.png\" alt=\"\" width=\"25\" height=\"25\" \/> <img decoding=\"async\" loading=\"lazy\" class=\"wp-image-282 alignnone\" src=\"https:\/\/twinsfit.hu\/en\/wp-content\/uploads\/2017\/11\/1.png\" alt=\"\" width=\"25\" height=\"25\" \/><\/td>\n<\/tr>\n<\/tbody>\n<\/table>\n<p>&nbsp;<\/p>\n<p>&nbsp;<\/p>\n<p><span style=\"color: #000000; font-size: 12pt; font-family: arial, helvetica, sans-serif;\">M\u00e1shogy vari\u00e1ln\u00e1d a sz\u00edneket, a passz\u00e9 \u00e9s a megk\u00f6t\u0151 is k\u00fcl\u00f6nb\u00f6z\u0151 sz\u00edn\u0171 legyen? Egy\u00e9ni nyom\u00e1st szeretn\u00e9l r\u00e1? Mi elk\u00e9sz\u00edtj\u00fck neked.\u00a0<\/span><span style=\"font-size: 12pt;\"><span style=\"color: #000000; font-family: arial, helvetica, sans-serif;\">( \u00c1rak a nyom\u00e1s eset\u00e9n v\u00e1ltozhatnak. )\u00a0<\/span><span style=\"color: #000000; font-family: arial, helvetica, sans-serif;\">Amennyiben egyedi darabot szeretn\u00e9l rendelni, k\u00e9rlek jelezd nek\u00fcnk az <span style=\"text-decoration: underline;\"><a href=\"mailto:info@twinsfit.hu\/en\">info@twinsfit.hu\/en<\/a> <\/span>e-mail c\u00edmen.<\/span><\/span><\/p>\n","protected":false},"excerpt":{"rendered":"<p><span style=\"color: #000000; font-family: arial, helvetica, sans-serif;\"><span style=\"font-size: 18.6667px;\">\u00dcde, ny\u00e1ri z\u00f6ld sz\u00edn\u0171 trik\u00f3. Sima, minta n\u00e9lk\u00fcli.<\/span><\/span><\/p>\n","protected":false},"featured_media":474,"comment_status":"open","ping_status":"closed","template":"","meta":[],"yoast_head":"<!-- This site is optimized with the Yoast SEO plugin v19.14 - https:\/\/yoast.com\/wordpress\/plugins\/seo\/ -->\n<title>Z\u00f6ld sporttrik\u00f3 - twinsfit.hu<\/title>\n<meta name=\"robots\" content=\"index, follow, max-snippet:-1, max-image-preview:large, max-video-preview:-1\" \/>\n<link rel=\"canonical\" href=\"https:\/\/twinsfit.hu\/en\/product\/zold-sporttriko\/\" \/>\n<meta property=\"og:locale\" content=\"en_US\" \/>\n<meta property=\"og:type\" content=\"article\" \/>\n<meta property=\"og:title\" content=\"Z\u00f6ld sporttrik\u00f3 - twinsfit.hu\" \/>\n<meta property=\"og:description\" content=\"\u00dcde, ny\u00e1ri z\u00f6ld sz\u00edn\u0171 trik\u00f3. Sima, minta n\u00e9lk\u00fcli.\" \/>\n<meta property=\"og:url\" content=\"https:\/\/twinsfit.hu\/en\/product\/zold-sporttriko\/\" \/>\n<meta property=\"og:site_name\" content=\"twinsfit.hu\" \/>\n<meta property=\"article:modified_time\" content=\"2025-01-15T04:22:38+00:00\" \/>\n<meta property=\"og:image\" content=\"https:\/\/twinsfit.hu\/en\/wp-content\/uploads\/2018\/02\/HG5A2461.jpg\" \/>\n\t<meta property=\"og:image:width\" content=\"1024\" \/>\n\t<meta property=\"og:image:height\" content=\"1536\" \/>\n\t<meta property=\"og:image:type\" content=\"image\/jpeg\" \/>\n<meta name=\"twitter:card\" content=\"summary_large_image\" \/>\n<script type=\"application\/ld+json\" class=\"yoast-schema-graph\">{\"@context\":\"https:\/\/schema.org\",\"@graph\":[{\"@type\":\"WebPage\",\"@id\":\"https:\/\/twinsfit.hu\/en\/product\/zold-sporttriko\/\",\"url\":\"https:\/\/twinsfit.hu\/en\/product\/zold-sporttriko\/\",\"name\":\"Z\u00f6ld sporttrik\u00f3 - twinsfit.hu\",\"isPartOf\":{\"@id\":\"https:\/\/twinsfit.hu\/en\/#website\"},\"datePublished\":\"2018-02-19T18:11:18+00:00\",\"dateModified\":\"2025-01-15T04:22:38+00:00\",\"breadcrumb\":{\"@id\":\"https:\/\/twinsfit.hu\/en\/product\/zold-sporttriko\/#breadcrumb\"},\"inLanguage\":\"en-US\",\"potentialAction\":[{\"@type\":\"ReadAction\",\"target\":[\"https:\/\/twinsfit.hu\/en\/product\/zold-sporttriko\/\"]}]},{\"@type\":\"BreadcrumbList\",\"@id\":\"https:\/\/twinsfit.hu\/en\/product\/zold-sporttriko\/#breadcrumb\",\"itemListElement\":[{\"@type\":\"ListItem\",\"position\":1,\"name\":\"Home\",\"item\":\"https:\/\/twinsfit.hu\/en\/\"},{\"@type\":\"ListItem\",\"position\":2,\"name\":\"Products\",\"item\":\"https:\/\/twinsfit.hu\/en\/products\/\"},{\"@type\":\"ListItem\",\"position\":3,\"name\":\"Z\u00f6ld sporttrik\u00f3\"}]},{\"@type\":\"WebSite\",\"@id\":\"https:\/\/twinsfit.hu\/en\/#website\",\"url\":\"https:\/\/twinsfit.hu\/en\/\",\"name\":\"twinsfit.hu\",\"description\":\"Sportswear\",\"potentialAction\":[{\"@type\":\"SearchAction\",\"target\":{\"@type\":\"EntryPoint\",\"urlTemplate\":\"https:\/\/twinsfit.hu\/en\/?s={search_term_string}\"},\"query-input\":\"required name=search_term_string\"}],\"inLanguage\":\"en-US\"}]}<\/script>\n<!-- \/ Yoast SEO plugin. -->","yoast_head_json":{"title":"Z\u00f6ld sporttrik\u00f3 - twinsfit.hu","robots":{"index":"index","follow":"follow","max-snippet":"max-snippet:-1","max-image-preview":"max-image-preview:large","max-video-preview":"max-video-preview:-1"},"canonical":"https:\/\/twinsfit.hu\/en\/product\/zold-sporttriko\/","og_locale":"en_US","og_type":"article","og_title":"Z\u00f6ld sporttrik\u00f3 - twinsfit.hu","og_description":"\u00dcde, ny\u00e1ri z\u00f6ld sz\u00edn\u0171 trik\u00f3. Sima, minta n\u00e9lk\u00fcli.","og_url":"https:\/\/twinsfit.hu\/en\/product\/zold-sporttriko\/","og_site_name":"twinsfit.hu","article_modified_time":"2025-01-15T04:22:38+00:00","og_image":[{"width":1024,"height":1536,"url":"https:\/\/twinsfit.hu\/en\/wp-content\/uploads\/2018\/02\/HG5A2461.jpg","type":"image\/jpeg"}],"twitter_card":"summary_large_image","schema":{"@context":"https:\/\/schema.org","@graph":[{"@type":"WebPage","@id":"https:\/\/twinsfit.hu\/en\/product\/zold-sporttriko\/","url":"https:\/\/twinsfit.hu\/en\/product\/zold-sporttriko\/","name":"Z\u00f6ld sporttrik\u00f3 - twinsfit.hu","isPartOf":{"@id":"https:\/\/twinsfit.hu\/en\/#website"},"datePublished":"2018-02-19T18:11:18+00:00","dateModified":"2025-01-15T04:22:38+00:00","breadcrumb":{"@id":"https:\/\/twinsfit.hu\/en\/product\/zold-sporttriko\/#breadcrumb"},"inLanguage":"en-US","potentialAction":[{"@type":"ReadAction","target":["https:\/\/twinsfit.hu\/en\/product\/zold-sporttriko\/"]}]},{"@type":"BreadcrumbList","@id":"https:\/\/twinsfit.hu\/en\/product\/zold-sporttriko\/#breadcrumb","itemListElement":[{"@type":"ListItem","position":1,"name":"Home","item":"https:\/\/twinsfit.hu\/en\/"},{"@type":"ListItem","position":2,"name":"Products","item":"https:\/\/twinsfit.hu\/en\/products\/"},{"@type":"ListItem","position":3,"name":"Z\u00f6ld sporttrik\u00f3"}]},{"@type":"WebSite","@id":"https:\/\/twinsfit.hu\/en\/#website","url":"https:\/\/twinsfit.hu\/en\/","name":"twinsfit.hu","description":"Sportswear","potentialAction":[{"@type":"SearchAction","target":{"@type":"EntryPoint","urlTemplate":"https:\/\/twinsfit.hu\/en\/?s={search_term_string}"},"query-input":"required name=search_term_string"}],"inLanguage":"en-US"}]}},"_links":{"self":[{"href":"https:\/\/twinsfit.hu\/en\/wp-json\/wp\/v2\/product\/414"}],"collection":[{"href":"https:\/\/twinsfit.hu\/en\/wp-json\/wp\/v2\/product"}],"about":[{"href":"https:\/\/twinsfit.hu\/en\/wp-json\/wp\/v2\/types\/product"}],"replies":[{"embeddable":true,"href":"https:\/\/twinsfit.hu\/en\/wp-json\/wp\/v2\/comments?post=414"}],"wp:featuredmedia":[{"embeddable":true,"href":"https:\/\/twinsfit.hu\/en\/wp-json\/wp\/v2\/media\/474"}],"wp:attachment":[{"href":"https:\/\/twinsfit.hu\/en\/wp-json\/wp\/v2\/media?parent=414"}],"curies":[{"name":"wp","href":"https:\/\/api.w.org\/{rel}","templated":true}]}}