{"id":9415,"date":"2020-08-06T10:54:35","date_gmt":"2020-08-06T10:54:35","guid":{"rendered":"https:\/\/twinsfit.hu\/en\/?post_type=product&#038;p=9415"},"modified":"2023-02-23T14:33:37","modified_gmt":"2023-02-23T14:33:37","slug":"black-leggings-with-net-part","status":"publish","type":"product","link":"https:\/\/twinsfit.hu\/en\/product\/black-leggings-with-net-part\/","title":{"rendered":"Black Leggings with net part"},"content":{"rendered":"<p><img decoding=\"async\" loading=\"lazy\" class=\"alignnone size-medium wp-image-7800\" src=\"https:\/\/twinsfit.hu\/en\/wp-content\/uploads\/2020\/07\/H\u00e1tul-n\u00e9gycs\u00edkos-sportmelltart\u00f3_el\u00f6lr\u0151l-200x300.jpg\" alt=\"\" width=\"200\" height=\"300\" srcset=\"https:\/\/twinsfit.hu\/en\/wp-content\/uploads\/2020\/07\/H\u00e1tul-n\u00e9gycs\u00edkos-sportmelltart\u00f3_el\u00f6lr\u0151l-200x300.jpg 200w, https:\/\/twinsfit.hu\/en\/wp-content\/uploads\/2020\/07\/H\u00e1tul-n\u00e9gycs\u00edkos-sportmelltart\u00f3_el\u00f6lr\u0151l-555x833.jpg 555w, https:\/\/twinsfit.hu\/en\/wp-content\/uploads\/2020\/07\/H\u00e1tul-n\u00e9gycs\u00edkos-sportmelltart\u00f3_el\u00f6lr\u0151l-768x1152.jpg 768w, https:\/\/twinsfit.hu\/en\/wp-content\/uploads\/2020\/07\/H\u00e1tul-n\u00e9gycs\u00edkos-sportmelltart\u00f3_el\u00f6lr\u0151l-683x1024.jpg 683w, https:\/\/twinsfit.hu\/en\/wp-content\/uploads\/2020\/07\/H\u00e1tul-n\u00e9gycs\u00edkos-sportmelltart\u00f3_el\u00f6lr\u0151l.jpg 1500w\" sizes=\"(max-width: 200px) 100vw, 200px\" \/><img decoding=\"async\" loading=\"lazy\" class=\"alignnone size-medium wp-image-7801\" src=\"https:\/\/twinsfit.hu\/en\/wp-content\/uploads\/2020\/07\/hatul-1-200x300.jpg\" alt=\"\" width=\"200\" height=\"300\" srcset=\"https:\/\/twinsfit.hu\/en\/wp-content\/uploads\/2020\/07\/hatul-1-200x300.jpg 200w, https:\/\/twinsfit.hu\/en\/wp-content\/uploads\/2020\/07\/hatul-1-555x833.jpg 555w, https:\/\/twinsfit.hu\/en\/wp-content\/uploads\/2020\/07\/hatul-1-768x1152.jpg 768w, https:\/\/twinsfit.hu\/en\/wp-content\/uploads\/2020\/07\/hatul-1-683x1024.jpg 683w, https:\/\/twinsfit.hu\/en\/wp-content\/uploads\/2020\/07\/hatul-1.jpg 1500w\" sizes=\"(max-width: 200px) 100vw, 200px\" \/><\/p>\n<p>&nbsp;<\/p>\n<p>The modell is 165 cm tall and wears xxs leggings<\/p>\n<p>Made with premium material specialized for manufacturing sport clothing that is skin friendly, breathable and dries quickly. The leggings are made from fitness or velvet materials.<\/p>\n<p>Since most of our products are clothing manufactured based on individual needs, the production time must be taken into account, which can be up to 3-4 weeks in some cases. After placing the order, we will inform everyone about the waiting time via e-mail.<\/p>\n<p>* the indicated colors may differ from reality in some cases (e.g.: shiny black, black with leather effect\u2026etc. You can request more information about the color of the fabric at the e-mail address info@twinsfit.hu<\/p>\n<p>&nbsp;<\/p>\n<p><a href=\"https:\/\/twinsfit.hu\/en\/sizeguide\/\">Size guide<\/a><\/p>\n<p>&nbsp;<\/p>\n<p><span style=\"color: #000000; font-size: 14pt;\"><strong>Hungarian product <\/strong><\/span><strong style=\"color: #000000; font-size: 18.6667px;\"><img decoding=\"async\" loading=\"lazy\" class=\"wp-image-287 alignnone\" src=\"https:\/\/twinsfit.hu\/en\/wp-content\/uploads\/2017\/11\/zaszlo_magyar-150x150.png\" alt=\"\" width=\"21\" height=\"21\" srcset=\"https:\/\/twinsfit.hu\/en\/wp-content\/uploads\/2017\/11\/zaszlo_magyar-150x150.png 150w, https:\/\/twinsfit.hu\/en\/wp-content\/uploads\/2017\/11\/zaszlo_magyar-262x251.png 262w, https:\/\/twinsfit.hu\/en\/wp-content\/uploads\/2017\/11\/zaszlo_magyar-160x160.png 160w\" sizes=\"(max-width: 21px) 100vw, 21px\" \/><\/strong><\/p>\n<table class=\" alignleft\" style=\"background-color: #243bbd; width: 165px;\">\n<tbody>\n<tr>\n<td style=\"width: 157px; text-align: center;\"><img decoding=\"async\" loading=\"lazy\" class=\"wp-image-284 alignnone\" src=\"https:\/\/twinsfit.hu\/en\/wp-content\/uploads\/2017\/11\/3-1.png\" alt=\"\" width=\"25\" height=\"25\" \/><img decoding=\"async\" loading=\"lazy\" class=\"alignnone wp-image-286\" src=\"https:\/\/twinsfit.hu\/en\/wp-content\/uploads\/2017\/11\/5.png\" alt=\"\" width=\"25\" height=\"25\" \/> <img decoding=\"async\" loading=\"lazy\" class=\"alignnone wp-image-285\" src=\"https:\/\/twinsfit.hu\/en\/wp-content\/uploads\/2017\/11\/3.png\" alt=\"\" width=\"25\" height=\"25\" \/> <img decoding=\"async\" loading=\"lazy\" class=\"alignnone wp-image-283\" src=\"https:\/\/twinsfit.hu\/en\/wp-content\/uploads\/2017\/11\/2.png\" alt=\"\" width=\"25\" height=\"25\" \/> <img decoding=\"async\" loading=\"lazy\" class=\"wp-image-282 alignnone\" src=\"https:\/\/twinsfit.hu\/en\/wp-content\/uploads\/2017\/11\/1.png\" alt=\"\" width=\"25\" height=\"25\" \/><\/td>\n<\/tr>\n<\/tbody>\n<\/table>\n<p>&nbsp;<\/p>\n<p>&nbsp;<\/p>\n<p>Made in EU<\/p>\n","protected":false},"excerpt":{"rendered":"<p>Beautiful, elegant, comfortable fitness leggings . The fabric is elastic in both directions,ideal for making fitness wear. Does not restrict movement.<br \/>\nIt\u2019s an excellent choice for pole sports, but also a perfect choice for other types of workout.You can comfortable and confident in it during training.<\/p>\n<p>After you order, we will contact you to make arrangements, so we can definitely choose the right size fore you.<\/p>\n<p>&nbsp;<\/p>\n<p><a href=\"https:\/\/twinsfit.hu\/en\/sizeguide\/\">SIZE GUIDE<\/a><\/p>\n<p>&nbsp;<\/p>\n","protected":false},"featured_media":7800,"comment_status":"open","ping_status":"closed","template":"","meta":[],"yoast_head":"<!-- This site is optimized with the Yoast SEO plugin v19.14 - https:\/\/yoast.com\/wordpress\/plugins\/seo\/ -->\n<title>Black Leggings with net part - twinsfit.hu<\/title>\n<meta name=\"description\" content=\"Made with premium material specialized for manufacturing sport clothing that is skin friendly, breathable and confortable.\" \/>\n<meta name=\"robots\" content=\"index, follow, max-snippet:-1, max-image-preview:large, max-video-preview:-1\" \/>\n<link rel=\"canonical\" href=\"https:\/\/twinsfit.hu\/en\/product\/black-leggings-with-net-part\/\" \/>\n<meta property=\"og:locale\" content=\"en_US\" \/>\n<meta property=\"og:type\" content=\"article\" \/>\n<meta property=\"og:title\" content=\"Black Leggings with net part - twinsfit.hu\" \/>\n<meta property=\"og:description\" content=\"Made with premium material specialized for manufacturing sport clothing that is skin friendly, breathable and confortable.\" \/>\n<meta property=\"og:url\" content=\"https:\/\/twinsfit.hu\/en\/product\/black-leggings-with-net-part\/\" \/>\n<meta property=\"og:site_name\" content=\"twinsfit.hu\" \/>\n<meta property=\"article:modified_time\" content=\"2023-02-23T14:33:37+00:00\" \/>\n<meta property=\"og:image\" content=\"https:\/\/twinsfit.hu\/en\/wp-content\/uploads\/2020\/07\/H\u00e1tul-n\u00e9gycs\u00edkos-sportmelltart\u00f3_el\u00f6lr\u0151l.jpg\" \/>\n\t<meta property=\"og:image:width\" content=\"1500\" \/>\n\t<meta property=\"og:image:height\" content=\"2250\" \/>\n\t<meta property=\"og:image:type\" content=\"image\/jpeg\" \/>\n<meta name=\"twitter:card\" content=\"summary_large_image\" \/>\n<meta name=\"twitter:label1\" content=\"Est. reading time\" \/>\n\t<meta name=\"twitter:data1\" content=\"3 minutes\" \/>\n<script type=\"application\/ld+json\" class=\"yoast-schema-graph\">{\"@context\":\"https:\/\/schema.org\",\"@graph\":[{\"@type\":\"WebPage\",\"@id\":\"https:\/\/twinsfit.hu\/en\/product\/black-leggings-with-net-part\/\",\"url\":\"https:\/\/twinsfit.hu\/en\/product\/black-leggings-with-net-part\/\",\"name\":\"Black Leggings with net part - twinsfit.hu\",\"isPartOf\":{\"@id\":\"https:\/\/twinsfit.hu\/en\/#website\"},\"datePublished\":\"2020-08-06T10:54:35+00:00\",\"dateModified\":\"2023-02-23T14:33:37+00:00\",\"description\":\"Made with premium material specialized for manufacturing sport clothing that is skin friendly, breathable and confortable.\",\"breadcrumb\":{\"@id\":\"https:\/\/twinsfit.hu\/en\/product\/black-leggings-with-net-part\/#breadcrumb\"},\"inLanguage\":\"en-US\",\"potentialAction\":[{\"@type\":\"ReadAction\",\"target\":[\"https:\/\/twinsfit.hu\/en\/product\/black-leggings-with-net-part\/\"]}]},{\"@type\":\"BreadcrumbList\",\"@id\":\"https:\/\/twinsfit.hu\/en\/product\/black-leggings-with-net-part\/#breadcrumb\",\"itemListElement\":[{\"@type\":\"ListItem\",\"position\":1,\"name\":\"Home\",\"item\":\"https:\/\/twinsfit.hu\/en\/\"},{\"@type\":\"ListItem\",\"position\":2,\"name\":\"Products\",\"item\":\"https:\/\/twinsfit.hu\/en\/products\/\"},{\"@type\":\"ListItem\",\"position\":3,\"name\":\"Black Leggings with net part\"}]},{\"@type\":\"WebSite\",\"@id\":\"https:\/\/twinsfit.hu\/en\/#website\",\"url\":\"https:\/\/twinsfit.hu\/en\/\",\"name\":\"twinsfit.hu\",\"description\":\"Sportswear\",\"potentialAction\":[{\"@type\":\"SearchAction\",\"target\":{\"@type\":\"EntryPoint\",\"urlTemplate\":\"https:\/\/twinsfit.hu\/en\/?s={search_term_string}\"},\"query-input\":\"required name=search_term_string\"}],\"inLanguage\":\"en-US\"}]}<\/script>\n<!-- \/ Yoast SEO plugin. -->","yoast_head_json":{"title":"Black Leggings with net part - twinsfit.hu","description":"Made with premium material specialized for manufacturing sport clothing that is skin friendly, breathable and confortable.","robots":{"index":"index","follow":"follow","max-snippet":"max-snippet:-1","max-image-preview":"max-image-preview:large","max-video-preview":"max-video-preview:-1"},"canonical":"https:\/\/twinsfit.hu\/en\/product\/black-leggings-with-net-part\/","og_locale":"en_US","og_type":"article","og_title":"Black Leggings with net part - twinsfit.hu","og_description":"Made with premium material specialized for manufacturing sport clothing that is skin friendly, breathable and confortable.","og_url":"https:\/\/twinsfit.hu\/en\/product\/black-leggings-with-net-part\/","og_site_name":"twinsfit.hu","article_modified_time":"2023-02-23T14:33:37+00:00","og_image":[{"width":1500,"height":2250,"url":"https:\/\/twinsfit.hu\/en\/wp-content\/uploads\/2020\/07\/H\u00e1tul-n\u00e9gycs\u00edkos-sportmelltart\u00f3_el\u00f6lr\u0151l.jpg","type":"image\/jpeg"}],"twitter_card":"summary_large_image","twitter_misc":{"Est. reading time":"3 minutes"},"schema":{"@context":"https:\/\/schema.org","@graph":[{"@type":"WebPage","@id":"https:\/\/twinsfit.hu\/en\/product\/black-leggings-with-net-part\/","url":"https:\/\/twinsfit.hu\/en\/product\/black-leggings-with-net-part\/","name":"Black Leggings with net part - twinsfit.hu","isPartOf":{"@id":"https:\/\/twinsfit.hu\/en\/#website"},"datePublished":"2020-08-06T10:54:35+00:00","dateModified":"2023-02-23T14:33:37+00:00","description":"Made with premium material specialized for manufacturing sport clothing that is skin friendly, breathable and confortable.","breadcrumb":{"@id":"https:\/\/twinsfit.hu\/en\/product\/black-leggings-with-net-part\/#breadcrumb"},"inLanguage":"en-US","potentialAction":[{"@type":"ReadAction","target":["https:\/\/twinsfit.hu\/en\/product\/black-leggings-with-net-part\/"]}]},{"@type":"BreadcrumbList","@id":"https:\/\/twinsfit.hu\/en\/product\/black-leggings-with-net-part\/#breadcrumb","itemListElement":[{"@type":"ListItem","position":1,"name":"Home","item":"https:\/\/twinsfit.hu\/en\/"},{"@type":"ListItem","position":2,"name":"Products","item":"https:\/\/twinsfit.hu\/en\/products\/"},{"@type":"ListItem","position":3,"name":"Black Leggings with net part"}]},{"@type":"WebSite","@id":"https:\/\/twinsfit.hu\/en\/#website","url":"https:\/\/twinsfit.hu\/en\/","name":"twinsfit.hu","description":"Sportswear","potentialAction":[{"@type":"SearchAction","target":{"@type":"EntryPoint","urlTemplate":"https:\/\/twinsfit.hu\/en\/?s={search_term_string}"},"query-input":"required name=search_term_string"}],"inLanguage":"en-US"}]}},"_links":{"self":[{"href":"https:\/\/twinsfit.hu\/en\/wp-json\/wp\/v2\/product\/9415"}],"collection":[{"href":"https:\/\/twinsfit.hu\/en\/wp-json\/wp\/v2\/product"}],"about":[{"href":"https:\/\/twinsfit.hu\/en\/wp-json\/wp\/v2\/types\/product"}],"replies":[{"embeddable":true,"href":"https:\/\/twinsfit.hu\/en\/wp-json\/wp\/v2\/comments?post=9415"}],"wp:featuredmedia":[{"embeddable":true,"href":"https:\/\/twinsfit.hu\/en\/wp-json\/wp\/v2\/media\/7800"}],"wp:attachment":[{"href":"https:\/\/twinsfit.hu\/en\/wp-json\/wp\/v2\/media?parent=9415"}],"curies":[{"name":"wp","href":"https:\/\/api.w.org\/{rel}","templated":true}]}}